{"id":1651,"date":"2024-12-13T17:58:35","date_gmt":"2024-12-13T16:58:35","guid":{"rendered":"https:\/\/www.zahn-fine-gelsenkirchen.de\/impressum\/"},"modified":"2026-03-31T16:52:26","modified_gmt":"2026-03-31T14:52:26","slug":"impressum","status":"publish","type":"page","link":"https:\/\/www.zahn-fine-gelsenkirchen.de\/tr\/impressum\/","title":{"rendered":"Impressum"},"content":{"rendered":"\t\t<div data-elementor-type=\"wp-page\" data-elementor-id=\"1651\" class=\"elementor elementor-1651 elementor-291\" data-elementor-settings=\"{&quot;element_pack_global_tooltip_width&quot;:{&quot;unit&quot;:&quot;px&quot;,&quot;size&quot;:&quot;&quot;,&quot;sizes&quot;:[]},&quot;element_pack_global_tooltip_width_laptop&quot;:{&quot;unit&quot;:&quot;px&quot;,&quot;size&quot;:&quot;&quot;,&quot;sizes&quot;:[]},&quot;element_pack_global_tooltip_width_tablet&quot;:{&quot;unit&quot;:&quot;px&quot;,&quot;size&quot;:&quot;&quot;,&quot;sizes&quot;:[]},&quot;element_pack_global_tooltip_width_mobile&quot;:{&quot;unit&quot;:&quot;px&quot;,&quot;size&quot;:&quot;&quot;,&quot;sizes&quot;:[]},&quot;element_pack_global_tooltip_padding&quot;:{&quot;unit&quot;:&quot;px&quot;,&quot;top&quot;:&quot;&quot;,&quot;right&quot;:&quot;&quot;,&quot;bottom&quot;:&quot;&quot;,&quot;left&quot;:&quot;&quot;,&quot;isLinked&quot;:true},&quot;element_pack_global_tooltip_padding_laptop&quot;:{&quot;unit&quot;:&quot;px&quot;,&quot;top&quot;:&quot;&quot;,&quot;right&quot;:&quot;&quot;,&quot;bottom&quot;:&quot;&quot;,&quot;left&quot;:&quot;&quot;,&quot;isLinked&quot;:true},&quot;element_pack_global_tooltip_padding_tablet&quot;:{&quot;unit&quot;:&quot;px&quot;,&quot;top&quot;:&quot;&quot;,&quot;right&quot;:&quot;&quot;,&quot;bottom&quot;:&quot;&quot;,&quot;left&quot;:&quot;&quot;,&quot;isLinked&quot;:true},&quot;element_pack_global_tooltip_padding_mobile&quot;:{&quot;unit&quot;:&quot;px&quot;,&quot;top&quot;:&quot;&quot;,&quot;right&quot;:&quot;&quot;,&quot;bottom&quot;:&quot;&quot;,&quot;left&quot;:&quot;&quot;,&quot;isLinked&quot;:true},&quot;element_pack_global_tooltip_border_radius&quot;:{&quot;unit&quot;:&quot;px&quot;,&quot;top&quot;:&quot;&quot;,&quot;right&quot;:&quot;&quot;,&quot;bottom&quot;:&quot;&quot;,&quot;left&quot;:&quot;&quot;,&quot;isLinked&quot;:true},&quot;element_pack_global_tooltip_border_radius_laptop&quot;:{&quot;unit&quot;:&quot;px&quot;,&quot;top&quot;:&quot;&quot;,&quot;right&quot;:&quot;&quot;,&quot;bottom&quot;:&quot;&quot;,&quot;left&quot;:&quot;&quot;,&quot;isLinked&quot;:true},&quot;element_pack_global_tooltip_border_radius_tablet&quot;:{&quot;unit&quot;:&quot;px&quot;,&quot;top&quot;:&quot;&quot;,&quot;right&quot;:&quot;&quot;,&quot;bottom&quot;:&quot;&quot;,&quot;left&quot;:&quot;&quot;,&quot;isLinked&quot;:true},&quot;element_pack_global_tooltip_border_radius_mobile&quot;:{&quot;unit&quot;:&quot;px&quot;,&quot;top&quot;:&quot;&quot;,&quot;right&quot;:&quot;&quot;,&quot;bottom&quot;:&quot;&quot;,&quot;left&quot;:&quot;&quot;,&quot;isLinked&quot;:true}}\" data-elementor-post-type=\"page\">\n\t\t\t\t\t\t<section class=\"elementor-section elementor-top-section elementor-element elementor-element-7030b91 elementor-section-boxed elementor-section-height-default elementor-section-height-default\" data-id=\"7030b91\" data-element_type=\"section\" data-e-type=\"section\">\n\t\t\t\t\t\t<div class=\"elementor-container elementor-column-gap-default\">\n\t\t\t\t\t<div class=\"aux-parallax-section elementor-column elementor-col-100 elementor-top-column elementor-element elementor-element-3e687b5\" data-id=\"3e687b5\" data-element_type=\"column\" data-e-type=\"column\">\n\t\t\t<div class=\"elementor-widget-wrap elementor-element-populated\">\n\t\t\t\t\t\t<div class=\"elementor-element elementor-element-470fe63 elementor-widget elementor-widget-heading\" data-id=\"470fe63\" data-element_type=\"widget\" data-e-type=\"widget\" data-widget_type=\"heading.default\">\n\t\t\t\t\t<h2 class=\"elementor-heading-title elementor-size-default\">Impressum<\/h2>\t\t\t\t<\/div>\n\t\t\t\t<div class=\"elementor-element elementor-element-f9170b7 elementor-widget elementor-widget-text-editor\" data-id=\"f9170b7\" data-element_type=\"widget\" data-e-type=\"widget\" data-widget_type=\"text-editor.default\">\n\t\t\t\t\t\t\t\t\t<p>ZAHNFINE Zahnmedizinisches Versorgungszentrum GmbH<br \/>Bahnhof Stra\u00dfe 70-72<br \/>45879 Gelsenkirchen<\/p><p>ZAHNFINE Praxis Gelsenkirchen<br \/>Bahnhof Stra\u00dfe 70-72<br \/>45879 Gelsenkirchen<br \/>verwaltung-ge@zahn-fine.de<\/p><p>ZAHNFINE Kids<br \/>Bahnhof Stra\u00dfe 68<br \/>45879 Gelsenkirchen<br \/>kids@zahn-fine.de<\/p><p>ZAHNFINE Praxis Herne<br \/>Horsthauser Str. 15<br \/>44628 Herne<br \/>+49 2323 965 3333<br \/>verwaltung-he@zahn-fine.de<\/p><p>ZAHNFINE Praxis Krefeld<br \/>Am Ostwall 57<br \/>47798 Krefeld<br \/>+49 2151 &#8211; 33252<br \/>verwaltung-kr@zahn-fine.de<\/p><p>Handelsregister: HRB18780<br \/>Registergericht: Amtsgericht Gelsenkirchen<\/p><p><strong>Vertreten durch:<\/strong><br \/>Dr. med. dent. Masoud Rashidi<\/p><h2>Kontakt<\/h2><p>Telefon: +49 209 207177<br \/>E-Mail: verwaltung-ge@zahn-fine.de<\/p><h2>Redaktionell verantwortlich<\/h2><p>Dr. med. dent. Masoud Rashidi<\/p><h2>Verbraucher\u00adstreit\u00adbeilegung\/Universal\u00adschlichtungs\u00adstelle<\/h2><p>Wir sind nicht bereit oder verpflichtet, an Streitbeilegungsverfahren vor einer Verbraucherschlichtungsstelle teilzunehmen.<\/p>\t\t\t\t\t\t\t\t<\/div>\n\t\t\t\t\t<\/div>\n\t\t<\/div>\n\t\t\t\t\t<\/div>\n\t\t<\/section>\n\t\t\t\t<\/div>\n\t\t","protected":false},"excerpt":{"rendered":"<p>Impressum ZAHNFINE Zahnmedizinisches Versorgungszentrum GmbHBahnhof Stra\u00dfe 70-7245879 Gelsenkirchen ZAHNFINE Praxis GelsenkirchenBahnhof Stra\u00dfe 70-7245879 Gelsenkirchenverwaltung-ge@zahn-fine.de ZAHNFINE KidsBahnhof Stra\u00dfe 6845879 Gelsenkirchenkids@zahn-fine.de ZAHNFINE Praxis HerneHorsthauser Str. 1544628 Herne+49 2323 965 3333verwaltung-he@zahn-fine.de ZAHNFINE Praxis KrefeldAm Ostwall 5747798 Krefeld+49 2151 &#8211; 33252verwaltung-kr@zahn-fine.de Handelsregister: HRB18780Registergericht: Amtsgericht Gelsenkirchen Vertreten durch:Dr. med. dent. Masoud Rashidi Kontakt Telefon: +49 209 207177E-Mail: verwaltung-ge@zahn-fine.de Redaktionell verantwortlich [&hellip;]<\/p>\n","protected":false},"author":1,"featured_media":0,"parent":0,"menu_order":0,"comment_status":"closed","ping_status":"closed","template":"","meta":{"footnotes":""},"class_list":["post-1651","page","type-page","status-publish","hentry"],"yoast_head":"<!-- This site is optimized with the Yoast SEO plugin v27.5 - https:\/\/yoast.com\/product\/yoast-seo-wordpress\/ -->\n<title>Impressum - ZahnFine<\/title>\n<meta name=\"robots\" content=\"index, follow, max-snippet:-1, max-image-preview:large, max-video-preview:-1\" \/>\n<link rel=\"canonical\" href=\"https:\/\/www.zahn-fine-gelsenkirchen.de\/tr\/impressum\/\" \/>\n<meta property=\"og:locale\" content=\"tr_TR\" \/>\n<meta property=\"og:type\" content=\"article\" \/>\n<meta property=\"og:title\" content=\"Impressum - ZahnFine\" \/>\n<meta property=\"og:description\" content=\"Impressum ZAHNFINE Zahnmedizinisches Versorgungszentrum GmbHBahnhof Stra\u00dfe 70-7245879 Gelsenkirchen ZAHNFINE Praxis GelsenkirchenBahnhof Stra\u00dfe 70-7245879 Gelsenkirchenverwaltung-ge@zahn-fine.de ZAHNFINE KidsBahnhof Stra\u00dfe 6845879 Gelsenkirchenkids@zahn-fine.de ZAHNFINE Praxis HerneHorsthauser Str. 1544628 Herne+49 2323 965 3333verwaltung-he@zahn-fine.de ZAHNFINE Praxis KrefeldAm Ostwall 5747798 Krefeld+49 2151 &#8211; 33252verwaltung-kr@zahn-fine.de Handelsregister: HRB18780Registergericht: Amtsgericht Gelsenkirchen Vertreten durch:Dr. med. dent. Masoud Rashidi Kontakt Telefon: +49 209 207177E-Mail: verwaltung-ge@zahn-fine.de Redaktionell verantwortlich [&hellip;]\" \/>\n<meta property=\"og:url\" content=\"https:\/\/www.zahn-fine-gelsenkirchen.de\/tr\/impressum\/\" \/>\n<meta property=\"og:site_name\" content=\"ZahnFine\" \/>\n<meta property=\"article:publisher\" content=\"https:\/\/www.facebook.com\/zahnfine.gelsenkirchen\" \/>\n<meta property=\"article:modified_time\" content=\"2026-03-31T14:52:26+00:00\" \/>\n<meta name=\"twitter:card\" content=\"summary_large_image\" \/>\n<meta name=\"twitter:label1\" content=\"Tahmini okuma s\u00fcresi\" \/>\n\t<meta name=\"twitter:data1\" content=\"1 dakika\" \/>\n<script type=\"application\/ld+json\" class=\"yoast-schema-graph\">{\"@context\":\"https:\\\/\\\/schema.org\",\"@graph\":[{\"@type\":\"WebPage\",\"@id\":\"https:\\\/\\\/www.zahn-fine-gelsenkirchen.de\\\/tr\\\/impressum\\\/\",\"url\":\"https:\\\/\\\/www.zahn-fine-gelsenkirchen.de\\\/tr\\\/impressum\\\/\",\"name\":\"Impressum - ZahnFine\",\"isPartOf\":{\"@id\":\"https:\\\/\\\/www.zahn-fine-gelsenkirchen.de\\\/tr\\\/#website\"},\"datePublished\":\"2024-12-13T16:58:35+00:00\",\"dateModified\":\"2026-03-31T14:52:26+00:00\",\"breadcrumb\":{\"@id\":\"https:\\\/\\\/www.zahn-fine-gelsenkirchen.de\\\/tr\\\/impressum\\\/#breadcrumb\"},\"inLanguage\":\"tr\",\"potentialAction\":[{\"@type\":\"ReadAction\",\"target\":[\"https:\\\/\\\/www.zahn-fine-gelsenkirchen.de\\\/tr\\\/impressum\\\/\"]}]},{\"@type\":\"BreadcrumbList\",\"@id\":\"https:\\\/\\\/www.zahn-fine-gelsenkirchen.de\\\/tr\\\/impressum\\\/#breadcrumb\",\"itemListElement\":[{\"@type\":\"ListItem\",\"position\":1,\"name\":\"Home\",\"item\":\"https:\\\/\\\/www.zahn-fine-gelsenkirchen.de\\\/tr\\\/home\\\/\"},{\"@type\":\"ListItem\",\"position\":2,\"name\":\"Impressum\"}]},{\"@type\":\"WebSite\",\"@id\":\"https:\\\/\\\/www.zahn-fine-gelsenkirchen.de\\\/tr\\\/#website\",\"url\":\"https:\\\/\\\/www.zahn-fine-gelsenkirchen.de\\\/tr\\\/\",\"name\":\"ZahnFine | Zahnart Praxis in Gelsenkirchen\",\"description\":\"Ihr Zahnarzt in Gelsenkirchen &amp; Herne\",\"publisher\":{\"@id\":\"https:\\\/\\\/www.zahn-fine-gelsenkirchen.de\\\/tr\\\/#organization\"},\"potentialAction\":[{\"@type\":\"SearchAction\",\"target\":{\"@type\":\"EntryPoint\",\"urlTemplate\":\"https:\\\/\\\/www.zahn-fine-gelsenkirchen.de\\\/tr\\\/?s={search_term_string}\"},\"query-input\":{\"@type\":\"PropertyValueSpecification\",\"valueRequired\":true,\"valueName\":\"search_term_string\"}}],\"inLanguage\":\"tr\"},{\"@type\":\"Organization\",\"@id\":\"https:\\\/\\\/www.zahn-fine-gelsenkirchen.de\\\/tr\\\/#organization\",\"name\":\"ZahnFine MVZ GmbH\",\"url\":\"https:\\\/\\\/www.zahn-fine-gelsenkirchen.de\\\/tr\\\/\",\"logo\":{\"@type\":\"ImageObject\",\"inLanguage\":\"tr\",\"@id\":\"https:\\\/\\\/www.zahn-fine-gelsenkirchen.de\\\/tr\\\/#\\\/schema\\\/logo\\\/image\\\/\",\"url\":\"https:\\\/\\\/www.zahn-fine-gelsenkirchen.de\\\/wp-content\\\/uploads\\\/2024\\\/12\\\/Zahn-Fine_final.svg\",\"contentUrl\":\"https:\\\/\\\/www.zahn-fine-gelsenkirchen.de\\\/wp-content\\\/uploads\\\/2024\\\/12\\\/Zahn-Fine_final.svg\",\"width\":651,\"height\":342,\"caption\":\"ZahnFine MVZ GmbH\"},\"image\":{\"@id\":\"https:\\\/\\\/www.zahn-fine-gelsenkirchen.de\\\/tr\\\/#\\\/schema\\\/logo\\\/image\\\/\"},\"sameAs\":[\"https:\\\/\\\/www.facebook.com\\\/zahnfine.gelsenkirchen\"]}]}<\/script>\n<!-- \/ Yoast SEO plugin. -->","yoast_head_json":{"title":"Impressum - ZahnFine","robots":{"index":"index","follow":"follow","max-snippet":"max-snippet:-1","max-image-preview":"max-image-preview:large","max-video-preview":"max-video-preview:-1"},"canonical":"https:\/\/www.zahn-fine-gelsenkirchen.de\/tr\/impressum\/","og_locale":"tr_TR","og_type":"article","og_title":"Impressum - ZahnFine","og_description":"Impressum ZAHNFINE Zahnmedizinisches Versorgungszentrum GmbHBahnhof Stra\u00dfe 70-7245879 Gelsenkirchen ZAHNFINE Praxis GelsenkirchenBahnhof Stra\u00dfe 70-7245879 Gelsenkirchenverwaltung-ge@zahn-fine.de ZAHNFINE KidsBahnhof Stra\u00dfe 6845879 Gelsenkirchenkids@zahn-fine.de ZAHNFINE Praxis HerneHorsthauser Str. 1544628 Herne+49 2323 965 3333verwaltung-he@zahn-fine.de ZAHNFINE Praxis KrefeldAm Ostwall 5747798 Krefeld+49 2151 &#8211; 33252verwaltung-kr@zahn-fine.de Handelsregister: HRB18780Registergericht: Amtsgericht Gelsenkirchen Vertreten durch:Dr. med. dent. Masoud Rashidi Kontakt Telefon: +49 209 207177E-Mail: verwaltung-ge@zahn-fine.de Redaktionell verantwortlich [&hellip;]","og_url":"https:\/\/www.zahn-fine-gelsenkirchen.de\/tr\/impressum\/","og_site_name":"ZahnFine","article_publisher":"https:\/\/www.facebook.com\/zahnfine.gelsenkirchen","article_modified_time":"2026-03-31T14:52:26+00:00","twitter_card":"summary_large_image","twitter_misc":{"Tahmini okuma s\u00fcresi":"1 dakika"},"schema":{"@context":"https:\/\/schema.org","@graph":[{"@type":"WebPage","@id":"https:\/\/www.zahn-fine-gelsenkirchen.de\/tr\/impressum\/","url":"https:\/\/www.zahn-fine-gelsenkirchen.de\/tr\/impressum\/","name":"Impressum - ZahnFine","isPartOf":{"@id":"https:\/\/www.zahn-fine-gelsenkirchen.de\/tr\/#website"},"datePublished":"2024-12-13T16:58:35+00:00","dateModified":"2026-03-31T14:52:26+00:00","breadcrumb":{"@id":"https:\/\/www.zahn-fine-gelsenkirchen.de\/tr\/impressum\/#breadcrumb"},"inLanguage":"tr","potentialAction":[{"@type":"ReadAction","target":["https:\/\/www.zahn-fine-gelsenkirchen.de\/tr\/impressum\/"]}]},{"@type":"BreadcrumbList","@id":"https:\/\/www.zahn-fine-gelsenkirchen.de\/tr\/impressum\/#breadcrumb","itemListElement":[{"@type":"ListItem","position":1,"name":"Home","item":"https:\/\/www.zahn-fine-gelsenkirchen.de\/tr\/home\/"},{"@type":"ListItem","position":2,"name":"Impressum"}]},{"@type":"WebSite","@id":"https:\/\/www.zahn-fine-gelsenkirchen.de\/tr\/#website","url":"https:\/\/www.zahn-fine-gelsenkirchen.de\/tr\/","name":"ZahnFine | Zahnart Praxis in Gelsenkirchen","description":"Ihr Zahnarzt in Gelsenkirchen &amp; Herne","publisher":{"@id":"https:\/\/www.zahn-fine-gelsenkirchen.de\/tr\/#organization"},"potentialAction":[{"@type":"SearchAction","target":{"@type":"EntryPoint","urlTemplate":"https:\/\/www.zahn-fine-gelsenkirchen.de\/tr\/?s={search_term_string}"},"query-input":{"@type":"PropertyValueSpecification","valueRequired":true,"valueName":"search_term_string"}}],"inLanguage":"tr"},{"@type":"Organization","@id":"https:\/\/www.zahn-fine-gelsenkirchen.de\/tr\/#organization","name":"ZahnFine MVZ GmbH","url":"https:\/\/www.zahn-fine-gelsenkirchen.de\/tr\/","logo":{"@type":"ImageObject","inLanguage":"tr","@id":"https:\/\/www.zahn-fine-gelsenkirchen.de\/tr\/#\/schema\/logo\/image\/","url":"https:\/\/www.zahn-fine-gelsenkirchen.de\/wp-content\/uploads\/2024\/12\/Zahn-Fine_final.svg","contentUrl":"https:\/\/www.zahn-fine-gelsenkirchen.de\/wp-content\/uploads\/2024\/12\/Zahn-Fine_final.svg","width":651,"height":342,"caption":"ZahnFine MVZ GmbH"},"image":{"@id":"https:\/\/www.zahn-fine-gelsenkirchen.de\/tr\/#\/schema\/logo\/image\/"},"sameAs":["https:\/\/www.facebook.com\/zahnfine.gelsenkirchen"]}]}},"_links":{"self":[{"href":"https:\/\/www.zahn-fine-gelsenkirchen.de\/tr\/wp-json\/wp\/v2\/pages\/1651","targetHints":{"allow":["GET"]}}],"collection":[{"href":"https:\/\/www.zahn-fine-gelsenkirchen.de\/tr\/wp-json\/wp\/v2\/pages"}],"about":[{"href":"https:\/\/www.zahn-fine-gelsenkirchen.de\/tr\/wp-json\/wp\/v2\/types\/page"}],"author":[{"embeddable":true,"href":"https:\/\/www.zahn-fine-gelsenkirchen.de\/tr\/wp-json\/wp\/v2\/users\/1"}],"replies":[{"embeddable":true,"href":"https:\/\/www.zahn-fine-gelsenkirchen.de\/tr\/wp-json\/wp\/v2\/comments?post=1651"}],"version-history":[{"count":10,"href":"https:\/\/www.zahn-fine-gelsenkirchen.de\/tr\/wp-json\/wp\/v2\/pages\/1651\/revisions"}],"predecessor-version":[{"id":2864,"href":"https:\/\/www.zahn-fine-gelsenkirchen.de\/tr\/wp-json\/wp\/v2\/pages\/1651\/revisions\/2864"}],"wp:attachment":[{"href":"https:\/\/www.zahn-fine-gelsenkirchen.de\/tr\/wp-json\/wp\/v2\/media?parent=1651"}],"curies":[{"name":"wp","href":"https:\/\/api.w.org\/{rel}","templated":true}]}}